{"id":373,"date":"2025-09-25T16:34:49","date_gmt":"2025-09-25T19:34:49","guid":{"rendered":"https:\/\/virttuserv.com\/criacao\/champagnat\/?page_id=373"},"modified":"2025-09-25T16:58:28","modified_gmt":"2025-09-25T19:58:28","slug":"quem-somos","status":"publish","type":"page","link":"https:\/\/virttuserv.com\/criacao\/champagnat\/quem-somos\/","title":{"rendered":"Quem somos"},"content":{"rendered":"\t\t<div data-elementor-type=\"wp-page\" data-elementor-id=\"373\" class=\"elementor elementor-373\" data-elementor-post-type=\"page\">\n\t\t\t\t<div class=\"elementor-element elementor-element-44957fb e-con-full e-flex e-con e-parent\" data-id=\"44957fb\" data-element_type=\"container\" data-e-type=\"container\">\n\t\t<div class=\"elementor-element elementor-element-61508ff e-con-full e-flex e-con e-child\" data-id=\"61508ff\" data-element_type=\"container\" data-e-type=\"container\" data-settings=\"{&quot;background_background&quot;:&quot;classic&quot;}\">\n\t\t<div class=\"elementor-element elementor-element-cc318dd e-con-full e-flex e-con e-child\" data-id=\"cc318dd\" data-element_type=\"container\" data-e-type=\"container\">\n\t\t\t\t<div class=\"elementor-element elementor-element-fcc7b6a elementor-invisible elementor-widget elementor-widget-heading\" data-id=\"fcc7b6a\" data-element_type=\"widget\" data-e-type=\"widget\" data-settings=\"{&quot;_animation&quot;:&quot;fadeIn&quot;}\" data-widget_type=\"heading.default\">\n\t\t\t\t\t<h3 class=\"elementor-heading-title elementor-size-default\">Quem somos<\/h3>\t\t\t\t<\/div>\n\t\t\t\t<\/div>\n\t\t\t\t<\/div>\n\t\t\t\t<\/div>\n\t\t<div class=\"elementor-element elementor-element-6b0507b e-con-full e-flex e-con e-parent\" data-id=\"6b0507b\" data-element_type=\"container\" data-e-type=\"container\">\n\t\t\t\t<div class=\"elementor-element elementor-element-3710a4a elementor-widget elementor-widget-shortcode\" data-id=\"3710a4a\" data-element_type=\"widget\" data-e-type=\"widget\" data-widget_type=\"shortcode.default\">\n\t\t\t\t\t\t\t<div class=\"elementor-shortcode\">\t\t<div data-elementor-type=\"section\" data-elementor-id=\"381\" class=\"elementor elementor-381\" data-elementor-post-type=\"elementor_library\">\n\t\t\t<div class=\"elementor-element elementor-element-fa2a718 e-flex e-con-boxed e-con e-parent\" data-id=\"fa2a718\" data-element_type=\"container\" data-e-type=\"container\" id=\"bg\" data-settings=\"{&quot;background_background&quot;:&quot;classic&quot;}\">\n\t\t\t\t\t<div class=\"e-con-inner\">\n\t\t<div class=\"elementor-element elementor-element-9bc395c e-con-full e-flex e-con e-child\" data-id=\"9bc395c\" data-element_type=\"container\" data-e-type=\"container\">\n\t\t\t\t<div class=\"elementor-element elementor-element-08a1e6d elementor-widget__width-inherit elementor-invisible elementor-widget elementor-widget-image\" data-id=\"08a1e6d\" data-element_type=\"widget\" data-e-type=\"widget\" id=\"simbolo\" data-settings=\"{&quot;_animation&quot;:&quot;fadeIn&quot;}\" data-widget_type=\"image.default\">\n\t\t\t\t\t\t\t\t\t\t\t\t\t\t\t<img fetchpriority=\"high\" decoding=\"async\" width=\"512\" height=\"512\" src=\"https:\/\/virttuserv.com\/criacao\/champagnat\/wp-content\/uploads\/2025\/09\/Champagnat_Logo-fav-.png\" class=\"attachment-large size-large wp-image-54\" alt=\"\" srcset=\"https:\/\/virttuserv.com\/criacao\/champagnat\/wp-content\/uploads\/2025\/09\/Champagnat_Logo-fav-.png 512w, https:\/\/virttuserv.com\/criacao\/champagnat\/wp-content\/uploads\/2025\/09\/Champagnat_Logo-fav--300x300.png 300w, https:\/\/virttuserv.com\/criacao\/champagnat\/wp-content\/uploads\/2025\/09\/Champagnat_Logo-fav--150x150.png 150w\" sizes=\"(max-width: 512px) 100vw, 512px\" \/>\t\t\t\t\t\t\t\t\t\t\t\t\t\t\t<\/div>\n\t\t\t\t<div class=\"elementor-element elementor-element-ad2b367 elementor-widget__width-inherit elementor-invisible elementor-widget elementor-widget-heading\" data-id=\"ad2b367\" data-element_type=\"widget\" data-e-type=\"widget\" id=\"titulo\" data-settings=\"{&quot;_animation&quot;:&quot;fadeIn&quot;,&quot;_animation_delay&quot;:200}\" data-widget_type=\"heading.default\">\n\t\t\t\t\t<h3 class=\"elementor-heading-title elementor-size-default\">Quem somos<\/h3>\t\t\t\t<\/div>\n\t\t\t\t<div class=\"elementor-element elementor-element-aab9ca1 elementor-invisible elementor-widget elementor-widget-text-editor\" data-id=\"aab9ca1\" data-element_type=\"widget\" data-e-type=\"widget\" data-settings=\"{&quot;_animation&quot;:&quot;fadeIn&quot;,&quot;_animation_delay&quot;:200}\" data-widget_type=\"text-editor.default\">\n\t\t\t\t\t\t\t\t\t<p>A Champagnat Assessoria Cont\u00e1bil, fundada em 2014, \u00e9 uma empresa especializada em servi\u00e7os de contabilidade e outsourcing, voltada ao atendimento das Entidades do Terceiro Setor, abrangendo as \u00e1reas de Sa\u00fade, Educa\u00e7\u00e3o, Assist\u00eancia Social, Cultura, Meio Ambiente, Direitos Humanos, Desenvolvimento e Voluntariado e Apoio a Minorias.<\/p><p>Sua cria\u00e7\u00e3o \u00e9 resultado de quase tr\u00eas d\u00e9cadas de experi\u00eancia de seus fundadores, que dedicaram aproximadamente 30 anos \u00e0 gest\u00e3o cont\u00e1bil desse segmento, acumulando conhecimento t\u00e9cnico e profundo entendimento das particularidades e demandas espec\u00edficas do setor<\/p>\t\t\t\t\t\t\t\t<\/div>\n\t\t\t\t<div class=\"elementor-element elementor-element-0255220 elementor-invisible elementor-widget elementor-widget-button\" data-id=\"0255220\" data-element_type=\"widget\" data-e-type=\"widget\" data-settings=\"{&quot;_animation&quot;:&quot;fadeInUp&quot;,&quot;_animation_delay&quot;:400}\" data-widget_type=\"button.default\">\n\t\t\t\t\t\t\t\t\t\t<a class=\"elementor-button elementor-button-link elementor-size-sm\" href=\"https:\/\/wa.me\/+5561996769186?text=Ol%C3%A1%2C%20gostaria%20de%20mais%20informa%C3%A7%C3%B5es%20sobre%20os%20servi%C3%A7os%20cont%C3%A1beis%20do%20Champagnat\" target=\"_blank\" rel=\"noopener\">\n\t\t\t\t\t\t<span class=\"elementor-button-content-wrapper\">\n\t\t\t\t\t\t<span class=\"elementor-button-icon\">\n\t\t\t\t<svg aria-hidden=\"true\" class=\"e-font-icon-svg e-fab-whatsapp\" viewBox=\"0 0 448 512\" xmlns=\"http:\/\/www.w3.org\/2000\/svg\"><path d=\"M380.9 97.1C339 55.1 283.2 32 223.9 32c-122.4 0-222 99.6-222 222 0 39.1 10.2 77.3 29.6 111L0 480l117.7-30.9c32.4 17.7 68.9 27 106.1 27h.1c122.3 0 224.1-99.6 224.1-222 0-59.3-25.2-115-67.1-157zm-157 341.6c-33.2 0-65.7-8.9-94-25.7l-6.7-4-69.8 18.3L72 359.2l-4.4-7c-18.5-29.4-28.2-63.3-28.2-98.2 0-101.7 82.8-184.5 184.6-184.5 49.3 0 95.6 19.2 130.4 54.1 34.8 34.9 56.2 81.2 56.1 130.5 0 101.8-84.9 184.6-186.6 184.6zm101.2-138.2c-5.5-2.8-32.8-16.2-37.9-18-5.1-1.9-8.8-2.8-12.5 2.8-3.7 5.6-14.3 18-17.6 21.8-3.2 3.7-6.5 4.2-12 1.4-32.6-16.3-54-29.1-75.5-66-5.7-9.8 5.7-9.1 16.3-30.3 1.8-3.7.9-6.9-.5-9.7-1.4-2.8-12.5-30.1-17.1-41.2-4.5-10.8-9.1-9.3-12.5-9.5-3.2-.2-6.9-.2-10.6-.2-3.7 0-9.7 1.4-14.8 6.9-5.1 5.6-19.4 19-19.4 46.3 0 27.3 19.9 53.7 22.6 57.4 2.8 3.7 39.1 59.7 94.8 83.8 35.2 15.2 49 16.5 66.6 13.9 10.7-1.6 32.8-13.4 37.4-26.4 4.6-13 4.6-24.1 3.2-26.4-1.3-2.5-5-3.9-10.5-6.6z\"><\/path><\/svg>\t\t\t<\/span>\n\t\t\t\t\t\t\t\t\t<span class=\"elementor-button-text\">Fale conosco<\/span>\n\t\t\t\t\t<\/span>\n\t\t\t\t\t<\/a>\n\t\t\t\t\t\t\t\t<\/div>\n\t\t\t\t<div class=\"elementor-element elementor-element-37edd53 elementor-invisible elementor-widget elementor-widget-button\" data-id=\"37edd53\" data-element_type=\"widget\" data-e-type=\"widget\" data-settings=\"{&quot;_animation&quot;:&quot;fadeInUp&quot;,&quot;_animation_delay&quot;:600}\" data-widget_type=\"button.default\">\n\t\t\t\t\t\t\t\t\t\t<a class=\"elementor-button elementor-button-link elementor-size-sm\" href=\"https:\/\/virttuserv.com\/criacao\/champagnat\/servicos\/\">\n\t\t\t\t\t\t<span class=\"elementor-button-content-wrapper\">\n\t\t\t\t\t\t\t\t\t<span class=\"elementor-button-text\">Nossos servi\u00e7os<\/span>\n\t\t\t\t\t<\/span>\n\t\t\t\t\t<\/a>\n\t\t\t\t\t\t\t\t<\/div>\n\t\t\t\t<\/div>\n\t\t<div class=\"elementor-element elementor-element-7f805a9 e-con-full e-flex elementor-invisible e-con e-child\" data-id=\"7f805a9\" data-element_type=\"container\" data-e-type=\"container\" data-settings=\"{&quot;background_background&quot;:&quot;classic&quot;,&quot;animation&quot;:&quot;fadeIn&quot;}\">\n\t\t\t\t<div class=\"elementor-element elementor-element-5eec5e2 elementor-widget elementor-widget-image\" data-id=\"5eec5e2\" data-element_type=\"widget\" data-e-type=\"widget\" data-widget_type=\"image.default\">\n\t\t\t\t\t\t\t\t\t\t\t\t\t\t\t<img decoding=\"async\" width=\"350\" height=\"208\" src=\"https:\/\/virttuserv.com\/criacao\/champagnat\/wp-content\/uploads\/2025\/09\/Champagnat_Logo-Vertical-branco.png\" class=\"attachment-large size-large wp-image-291\" alt=\"\" srcset=\"https:\/\/virttuserv.com\/criacao\/champagnat\/wp-content\/uploads\/2025\/09\/Champagnat_Logo-Vertical-branco.png 350w, https:\/\/virttuserv.com\/criacao\/champagnat\/wp-content\/uploads\/2025\/09\/Champagnat_Logo-Vertical-branco-300x178.png 300w\" sizes=\"(max-width: 350px) 100vw, 350px\" \/>\t\t\t\t\t\t\t\t\t\t\t\t\t\t\t<\/div>\n\t\t\t\t<\/div>\n\t\t<div class=\"elementor-element elementor-element-b8b41b3 e-con-full e-flex e-con e-child\" data-id=\"b8b41b3\" data-element_type=\"container\" data-e-type=\"container\">\n\t\t<div class=\"elementor-element elementor-element-890548d e-con-full e-flex e-con e-child\" data-id=\"890548d\" data-element_type=\"container\" data-e-type=\"container\" data-settings=\"{&quot;background_background&quot;:&quot;classic&quot;}\">\n\t\t\t\t<div class=\"elementor-element elementor-element-3eccd61 elementor-widget__width-initial elementor-widget-tablet__width-inherit elementor-widget elementor-widget-counter\" data-id=\"3eccd61\" data-element_type=\"widget\" data-e-type=\"widget\" data-widget_type=\"counter.default\">\n\t\t\t\t\t\t\t<div class=\"elementor-counter\">\n\t\t\t\t\t\t<div class=\"elementor-counter-number-wrapper\">\n\t\t\t\t<span class=\"elementor-counter-number-prefix\">+<\/span>\n\t\t\t\t<span class=\"elementor-counter-number\" data-duration=\"2000\" data-to-value=\"11\" data-from-value=\"0\" data-delimiter=\".\">0<\/span>\n\t\t\t\t<span class=\"elementor-counter-number-suffix\"><\/span>\n\t\t\t<\/div>\n\t\t<\/div>\n\t\t\t\t\t\t<\/div>\n\t\t\t\t<div class=\"elementor-element elementor-element-c437b6e elementor-widget elementor-widget-heading\" data-id=\"c437b6e\" data-element_type=\"widget\" data-e-type=\"widget\" data-widget_type=\"heading.default\">\n\t\t\t\t\t<h5 class=\"elementor-heading-title elementor-size-default\">Anos de mercado<\/h5>\t\t\t\t<\/div>\n\t\t\t\t<\/div>\n\t\t<div class=\"elementor-element elementor-element-9c2728c e-con-full e-flex e-con e-child\" data-id=\"9c2728c\" data-element_type=\"container\" data-e-type=\"container\" data-settings=\"{&quot;background_background&quot;:&quot;classic&quot;}\">\n\t\t\t\t<div class=\"elementor-element elementor-element-2ea190e elementor-widget__width-initial elementor-widget-tablet__width-inherit elementor-widget elementor-widget-counter\" data-id=\"2ea190e\" data-element_type=\"widget\" data-e-type=\"widget\" data-widget_type=\"counter.default\">\n\t\t\t\t\t\t\t<div class=\"elementor-counter\">\n\t\t\t\t\t\t<div class=\"elementor-counter-number-wrapper\">\n\t\t\t\t<span class=\"elementor-counter-number-prefix\">+<\/span>\n\t\t\t\t<span class=\"elementor-counter-number\" data-duration=\"2000\" data-to-value=\"100\" data-from-value=\"0\" data-delimiter=\".\">0<\/span>\n\t\t\t\t<span class=\"elementor-counter-number-suffix\"><\/span>\n\t\t\t<\/div>\n\t\t<\/div>\n\t\t\t\t\t\t<\/div>\n\t\t\t\t<div class=\"elementor-element elementor-element-c02b1ee elementor-widget elementor-widget-heading\" data-id=\"c02b1ee\" data-element_type=\"widget\" data-e-type=\"widget\" data-widget_type=\"heading.default\">\n\t\t\t\t\t<h5 class=\"elementor-heading-title elementor-size-default\">Clientes atendidos<\/h5>\t\t\t\t<\/div>\n\t\t\t\t<\/div>\n\t\t<div class=\"elementor-element elementor-element-a517589 e-con-full e-flex e-con e-child\" data-id=\"a517589\" data-element_type=\"container\" data-e-type=\"container\" data-settings=\"{&quot;background_background&quot;:&quot;classic&quot;}\">\n\t\t\t\t<div class=\"elementor-element elementor-element-1eb7b0f elementor-widget__width-initial elementor-widget-tablet__width-inherit elementor-widget elementor-widget-counter\" data-id=\"1eb7b0f\" data-element_type=\"widget\" data-e-type=\"widget\" data-widget_type=\"counter.default\">\n\t\t\t\t\t\t\t<div class=\"elementor-counter\">\n\t\t\t\t\t\t<div class=\"elementor-counter-number-wrapper\">\n\t\t\t\t<span class=\"elementor-counter-number-prefix\"><\/span>\n\t\t\t\t<span class=\"elementor-counter-number\" data-duration=\"2000\" data-to-value=\"100\" data-from-value=\"0\" data-delimiter=\".\">0<\/span>\n\t\t\t\t<span class=\"elementor-counter-number-suffix\">%<\/span>\n\t\t\t<\/div>\n\t\t<\/div>\n\t\t\t\t\t\t<\/div>\n\t\t\t\t<div class=\"elementor-element elementor-element-787d8b8 elementor-widget elementor-widget-heading\" data-id=\"787d8b8\" data-element_type=\"widget\" data-e-type=\"widget\" data-widget_type=\"heading.default\">\n\t\t\t\t\t<h5 class=\"elementor-heading-title elementor-size-default\">Focados no Terceiro Setor<\/h5>\t\t\t\t<\/div>\n\t\t\t\t<\/div>\n\t\t\t\t<\/div>\n\t\t\t\t\t<\/div>\n\t\t\t\t<\/div>\n\t\t<div class=\"elementor-element elementor-element-af70bd5 e-flex e-con-boxed e-con e-parent\" data-id=\"af70bd5\" data-element_type=\"container\" data-e-type=\"container\" id=\"bg2\">\n\t\t\t\t\t<div class=\"e-con-inner\">\n\t\t\t\t<div class=\"elementor-element elementor-element-65ba79d elementor-invisible elementor-widget elementor-widget-image\" data-id=\"65ba79d\" data-element_type=\"widget\" data-e-type=\"widget\" data-settings=\"{&quot;_animation&quot;:&quot;fadeIn&quot;}\" data-widget_type=\"image.default\">\n\t\t\t\t\t\t\t\t\t\t\t\t\t\t\t<img fetchpriority=\"high\" decoding=\"async\" width=\"512\" height=\"512\" src=\"https:\/\/virttuserv.com\/criacao\/champagnat\/wp-content\/uploads\/2025\/09\/Champagnat_Logo-fav-.png\" class=\"attachment-large size-large wp-image-54\" alt=\"\" srcset=\"https:\/\/virttuserv.com\/criacao\/champagnat\/wp-content\/uploads\/2025\/09\/Champagnat_Logo-fav-.png 512w, https:\/\/virttuserv.com\/criacao\/champagnat\/wp-content\/uploads\/2025\/09\/Champagnat_Logo-fav--300x300.png 300w, https:\/\/virttuserv.com\/criacao\/champagnat\/wp-content\/uploads\/2025\/09\/Champagnat_Logo-fav--150x150.png 150w\" sizes=\"(max-width: 512px) 100vw, 512px\" \/>\t\t\t\t\t\t\t\t\t\t\t\t\t\t\t<\/div>\n\t\t\t\t<div class=\"elementor-element elementor-element-7aea236 elementor-invisible elementor-widget elementor-widget-heading\" data-id=\"7aea236\" data-element_type=\"widget\" data-e-type=\"widget\" data-settings=\"{&quot;_animation&quot;:&quot;fadeIn&quot;,&quot;_animation_delay&quot;:200}\" data-widget_type=\"heading.default\">\n\t\t\t\t\t<h2 class=\"elementor-heading-title elementor-size-default\">Conh\u00e7a nosso espa\u00e7o<\/h2>\t\t\t\t<\/div>\n\t\t\t\t<div class=\"elementor-element elementor-element-becda8c elementor-widget elementor-widget-gallery\" data-id=\"becda8c\" data-element_type=\"widget\" data-e-type=\"widget\" data-settings=\"{&quot;columns&quot;:2,&quot;image_hover_animation&quot;:&quot;grow&quot;,&quot;gallery_layout&quot;:&quot;grid&quot;,&quot;columns_tablet&quot;:2,&quot;columns_mobile&quot;:1,&quot;gap&quot;:{&quot;unit&quot;:&quot;px&quot;,&quot;size&quot;:10,&quot;sizes&quot;:[]},&quot;gap_laptop&quot;:{&quot;unit&quot;:&quot;px&quot;,&quot;size&quot;:10,&quot;sizes&quot;:[]},&quot;gap_tablet&quot;:{&quot;unit&quot;:&quot;px&quot;,&quot;size&quot;:10,&quot;sizes&quot;:[]},&quot;gap_mobile&quot;:{&quot;unit&quot;:&quot;px&quot;,&quot;size&quot;:10,&quot;sizes&quot;:[]},&quot;link_to&quot;:&quot;file&quot;,&quot;aspect_ratio&quot;:&quot;3:2&quot;,&quot;content_hover_animation&quot;:&quot;fade-in&quot;}\" data-widget_type=\"gallery.default\">\n\t\t\t\t\t\t\t<div class=\"elementor-gallery__container\">\n\t\t\t\t\t\t\t<a class=\"e-gallery-item elementor-gallery-item elementor-animated-content\" href=\"https:\/\/virttuserv.com\/criacao\/champagnat\/wp-content\/uploads\/2025\/09\/Champagnat_Galeria-4.jpg\" data-elementor-open-lightbox=\"yes\" data-elementor-lightbox-slideshow=\"becda8c\" data-elementor-lightbox-title=\"Champagnat_Galeria-4\" data-e-action-hash=\"#elementor-action%3Aaction%3Dlightbox%26settings%3DeyJpZCI6NDIyLCJ1cmwiOiJodHRwczpcL1wvdmlydHR1c2Vydi5jb21cL2NyaWFjYW9cL2NoYW1wYWduYXRcL3dwLWNvbnRlbnRcL3VwbG9hZHNcLzIwMjVcLzA5XC9DaGFtcGFnbmF0X0dhbGVyaWEtNC5qcGciLCJzbGlkZXNob3ciOiJiZWNkYThjIn0%3D\">\n\t\t\t\t\t<div class=\"e-gallery-image elementor-gallery-item__image\" data-thumbnail=\"https:\/\/virttuserv.com\/criacao\/champagnat\/wp-content\/uploads\/2025\/09\/Champagnat_Galeria-4.jpg\" data-width=\"700\" data-height=\"467\" aria-label=\"\" role=\"img\" ><\/div>\n\t\t\t\t\t\t\t\t\t\t\t\t\t\t<\/a>\n\t\t\t\t\t\t\t<a class=\"e-gallery-item elementor-gallery-item elementor-animated-content\" href=\"https:\/\/virttuserv.com\/criacao\/champagnat\/wp-content\/uploads\/2025\/09\/Champagnat_Galeria-3.jpg\" data-elementor-open-lightbox=\"yes\" data-elementor-lightbox-slideshow=\"becda8c\" data-elementor-lightbox-title=\"Champagnat_Galeria-3\" data-e-action-hash=\"#elementor-action%3Aaction%3Dlightbox%26settings%3DeyJpZCI6NDIxLCJ1cmwiOiJodHRwczpcL1wvdmlydHR1c2Vydi5jb21cL2NyaWFjYW9cL2NoYW1wYWduYXRcL3dwLWNvbnRlbnRcL3VwbG9hZHNcLzIwMjVcLzA5XC9DaGFtcGFnbmF0X0dhbGVyaWEtMy5qcGciLCJzbGlkZXNob3ciOiJiZWNkYThjIn0%3D\">\n\t\t\t\t\t<div class=\"e-gallery-image elementor-gallery-item__image\" data-thumbnail=\"https:\/\/virttuserv.com\/criacao\/champagnat\/wp-content\/uploads\/2025\/09\/Champagnat_Galeria-3.jpg\" data-width=\"700\" data-height=\"467\" aria-label=\"\" role=\"img\" ><\/div>\n\t\t\t\t\t\t\t\t\t\t\t\t\t\t<\/a>\n\t\t\t\t\t\t\t<a class=\"e-gallery-item elementor-gallery-item elementor-animated-content\" href=\"https:\/\/virttuserv.com\/criacao\/champagnat\/wp-content\/uploads\/2025\/09\/Champagnat_Galeria-2.jpg\" data-elementor-open-lightbox=\"yes\" data-elementor-lightbox-slideshow=\"becda8c\" data-elementor-lightbox-title=\"Champagnat_Galeria-2\" data-e-action-hash=\"#elementor-action%3Aaction%3Dlightbox%26settings%3DeyJpZCI6NDIwLCJ1cmwiOiJodHRwczpcL1wvdmlydHR1c2Vydi5jb21cL2NyaWFjYW9cL2NoYW1wYWduYXRcL3dwLWNvbnRlbnRcL3VwbG9hZHNcLzIwMjVcLzA5XC9DaGFtcGFnbmF0X0dhbGVyaWEtMi5qcGciLCJzbGlkZXNob3ciOiJiZWNkYThjIn0%3D\">\n\t\t\t\t\t<div class=\"e-gallery-image elementor-gallery-item__image\" data-thumbnail=\"https:\/\/virttuserv.com\/criacao\/champagnat\/wp-content\/uploads\/2025\/09\/Champagnat_Galeria-2.jpg\" data-width=\"700\" data-height=\"467\" aria-label=\"\" role=\"img\" ><\/div>\n\t\t\t\t\t\t\t\t\t\t\t\t\t\t<\/a>\n\t\t\t\t\t\t\t<a class=\"e-gallery-item elementor-gallery-item elementor-animated-content\" href=\"https:\/\/virttuserv.com\/criacao\/champagnat\/wp-content\/uploads\/2025\/09\/Champagnat_Galeria-1.jpg\" data-elementor-open-lightbox=\"yes\" data-elementor-lightbox-slideshow=\"becda8c\" data-elementor-lightbox-title=\"Champagnat_Galeria-1\" data-e-action-hash=\"#elementor-action%3Aaction%3Dlightbox%26settings%3DeyJpZCI6NDE5LCJ1cmwiOiJodHRwczpcL1wvdmlydHR1c2Vydi5jb21cL2NyaWFjYW9cL2NoYW1wYWduYXRcL3dwLWNvbnRlbnRcL3VwbG9hZHNcLzIwMjVcLzA5XC9DaGFtcGFnbmF0X0dhbGVyaWEtMS5qcGciLCJzbGlkZXNob3ciOiJiZWNkYThjIn0%3D\">\n\t\t\t\t\t<div class=\"e-gallery-image elementor-gallery-item__image\" data-thumbnail=\"https:\/\/virttuserv.com\/criacao\/champagnat\/wp-content\/uploads\/2025\/09\/Champagnat_Galeria-1.jpg\" data-width=\"700\" data-height=\"467\" aria-label=\"\" role=\"img\" ><\/div>\n\t\t\t\t\t\t\t\t\t\t\t\t\t\t<\/a>\n\t\t\t\t\t<\/div>\n\t\t\t\t\t<\/div>\n\t\t\t\t\t<\/div>\n\t\t\t\t<\/div>\n\t\t\t\t<\/div>\n\t\t<\/div>\n\t\t\t\t\t\t<\/div>\n\t\t\t\t<\/div>\n\t\t\t\t<\/div>\n\t\t","protected":false},"excerpt":{"rendered":"","protected":false},"author":1,"featured_media":0,"parent":0,"menu_order":0,"comment_status":"closed","ping_status":"closed","template":"","meta":{"_joinchat":[],"footnotes":""},"class_list":["post-373","page","type-page","status-publish","hentry"],"_links":{"self":[{"href":"https:\/\/virttuserv.com\/criacao\/champagnat\/wp-json\/wp\/v2\/pages\/373","targetHints":{"allow":["GET"]}}],"collection":[{"href":"https:\/\/virttuserv.com\/criacao\/champagnat\/wp-json\/wp\/v2\/pages"}],"about":[{"href":"https:\/\/virttuserv.com\/criacao\/champagnat\/wp-json\/wp\/v2\/types\/page"}],"author":[{"embeddable":true,"href":"https:\/\/virttuserv.com\/criacao\/champagnat\/wp-json\/wp\/v2\/users\/1"}],"replies":[{"embeddable":true,"href":"https:\/\/virttuserv.com\/criacao\/champagnat\/wp-json\/wp\/v2\/comments?post=373"}],"version-history":[{"count":16,"href":"https:\/\/virttuserv.com\/criacao\/champagnat\/wp-json\/wp\/v2\/pages\/373\/revisions"}],"predecessor-version":[{"id":427,"href":"https:\/\/virttuserv.com\/criacao\/champagnat\/wp-json\/wp\/v2\/pages\/373\/revisions\/427"}],"wp:attachment":[{"href":"https:\/\/virttuserv.com\/criacao\/champagnat\/wp-json\/wp\/v2\/media?parent=373"}],"curies":[{"name":"wp","href":"https:\/\/api.w.org\/{rel}","templated":true}]}}